{"id":3154,"date":"2017-03-02T09:31:04","date_gmt":"2017-03-02T08:31:04","guid":{"rendered":"http:\/\/gilardifratelli.it\/shop\/mla-108\/"},"modified":"2017-07-26T15:16:44","modified_gmt":"2017-07-26T13:16:44","slug":"mla-108","status":"publish","type":"product","link":"https:\/\/gilardi.srl\/de\/prodotto\/mla-108\/","title":{"rendered":""},"content":{"rendered":"<p><strong>ANMERKUNG<\/strong>: F\u00fcr die Bettmontage ist auch der Erwerb des Artikels PTL 400 n\u00f6tig<\/p>\n<p>Statische Tragf\u00e4higkeit: (108\/1 kg 170) \u2013 (108\/2 kg 300) \u2013 (108\/4 kg 300)<\/p>\n<p>Dynamische Tragf\u00e4higkeit: (108\/1 kg 70) \u2013 (108\/2 kg 100) \u2013 (108\/4 kg 140)<\/p>\n<p>&nbsp;<\/p>\n<p><img loading=\"lazy\" decoding=\"async\" class=\"alignnone size-full wp-image-2545\" src=\"https:\/\/gilardi.srl\/wp-content\/uploads\/2016\/09\/MLA108-980x280.jpg\" alt=\"mla108-980x280\" width=\"980\" height=\"280\" srcset=\"https:\/\/gilardi.srl\/wp-content\/uploads\/2016\/09\/MLA108-980x280.jpg 980w, https:\/\/gilardi.srl\/wp-content\/uploads\/2016\/09\/MLA108-980x280-300x86.jpg 300w, https:\/\/gilardi.srl\/wp-content\/uploads\/2016\/09\/MLA108-980x280-768x219.jpg 768w\" sizes=\"auto, (max-width: 980px) 100vw, 980px\" \/><\/p>\n","protected":false},"excerpt":{"rendered":"<p>ANMERKUNG: F\u00fcr die Bettmontage ist auch der Erwerb des Artikels PTL 400 n\u00f6tig Statische Tragf\u00e4higkeit: (108\/1 kg 170) \u2013 (108\/2 kg 300) \u2013 (108\/4 kg 300) Dynamische Tragf\u00e4higkeit: (108\/1 kg 70) \u2013 (108\/2 kg 100) \u2013 (108\/4 kg 140) &nbsp;<\/p>\n","protected":false},"featured_media":932,"comment_status":"closed","ping_status":"closed","template":"","meta":{"_acf_changed":false},"class_list":{"0":"post-3154","1":"product","2":"type-product","3":"status-publish","4":"has-post-thumbnail","7":"first","8":"instock","9":"shipping-taxable","10":"purchasable","11":"product-type-variable","12":"has-children"},"acf":[],"_links":{"self":[{"href":"https:\/\/gilardi.srl\/de\/wp-json\/wp\/v2\/product\/3154","targetHints":{"allow":["GET"]}}],"collection":[{"href":"https:\/\/gilardi.srl\/de\/wp-json\/wp\/v2\/product"}],"about":[{"href":"https:\/\/gilardi.srl\/de\/wp-json\/wp\/v2\/types\/product"}],"replies":[{"embeddable":true,"href":"https:\/\/gilardi.srl\/de\/wp-json\/wp\/v2\/comments?post=3154"}],"wp:featuredmedia":[{"embeddable":true,"href":"https:\/\/gilardi.srl\/de\/wp-json\/wp\/v2\/media\/932"}],"wp:attachment":[{"href":"https:\/\/gilardi.srl\/de\/wp-json\/wp\/v2\/media?parent=3154"}],"curies":[{"name":"wp","href":"https:\/\/api.w.org\/{rel}","templated":true}]}}