{"id":3160,"date":"2016-09-22T10:30:44","date_gmt":"2016-09-22T08:30:44","guid":{"rendered":"http:\/\/gilardifratelli.it\/shop\/ptl-400\/"},"modified":"2017-07-26T15:18:12","modified_gmt":"2017-07-26T13:18:12","slug":"ptl-400","status":"publish","type":"product","link":"https:\/\/gilardi.srl\/de\/prodotto\/ptl-400\/","title":{"rendered":"PTL 400"},"content":{"rendered":"","protected":false},"excerpt":{"rendered":"<p>Paar St\u00fctzf\u00fc\u00dfe f\u00fcr Kippbett<\/p>\n<p><strong>ANMERKUNG<\/strong>: F\u00fcr die Bettmontage auf nicht selbsttragenden Mechanismen MLA108 und MLA 209 n\u00f6tig<\/p>\n","protected":false},"featured_media":967,"comment_status":"closed","ping_status":"closed","template":"","meta":{"_acf_changed":false},"class_list":{"0":"post-3160","1":"product","2":"type-product","3":"status-publish","4":"has-post-thumbnail","7":"first","8":"instock","9":"sold-individually","10":"shipping-taxable","11":"purchasable","12":"product-type-simple"},"acf":[],"_links":{"self":[{"href":"https:\/\/gilardi.srl\/de\/wp-json\/wp\/v2\/product\/3160","targetHints":{"allow":["GET"]}}],"collection":[{"href":"https:\/\/gilardi.srl\/de\/wp-json\/wp\/v2\/product"}],"about":[{"href":"https:\/\/gilardi.srl\/de\/wp-json\/wp\/v2\/types\/product"}],"replies":[{"embeddable":true,"href":"https:\/\/gilardi.srl\/de\/wp-json\/wp\/v2\/comments?post=3160"}],"wp:featuredmedia":[{"embeddable":true,"href":"https:\/\/gilardi.srl\/de\/wp-json\/wp\/v2\/media\/967"}],"wp:attachment":[{"href":"https:\/\/gilardi.srl\/de\/wp-json\/wp\/v2\/media?parent=3160"}],"curies":[{"name":"wp","href":"https:\/\/api.w.org\/{rel}","templated":true}]}}