{"id":4361,"date":"2023-02-16T12:27:14","date_gmt":"2023-02-16T11:27:14","guid":{"rendered":"http:\/\/gilardifratelli.it\/?page_id=4361"},"modified":"2023-02-20T16:39:56","modified_gmt":"2023-02-20T15:39:56","slug":"privacy-policy","status":"publish","type":"page","link":"https:\/\/gilardi.srl\/en\/privacy-policy\/","title":{"rendered":"Privacy Policy"},"content":{"rendered":"<p>For the english version please contact us.<\/p>\n<p>&nbsp;<\/p>\n<p><strong>Informativa sul trattamento dei dati personali di clienti e fornitori<\/strong><\/p>\n<p>Gentile Cliente, Gentile Fornitore,<\/p>\n<p>in ottemperanza a quanto previsto dall\u2019art. 13 del Regolamento UE 679\/2016, F.lli Gilardi srl rende disponibile l\u2019informativa riguardante il trattamento dei Suoi dati personali e di quelli relativi agli interessati appartenenti alla Sua organizzazione.<\/p>\n<p>In particolare F.lli Gilardi srl<strong>, <\/strong>con sede a Olginate (LC) in Via Concordia 40, contattabile utilizzando la funzione &#8220;contatti&#8221; del sito web www.gilardifratelli.it, la quale ha nominato il Responsabile per la Protezione dei Dati , tratter\u00e0 i dati personali raccolti per le finalit\u00e0 strettamente connesse alla esecuzione del contratto concluso o da concludere e, in particolare, per la gestione dei rapporti commerciali, contrattuali e finanziari instaurati, per l\u2019adempimento ad obblighi di legge, per l\u2019evasione richieste dell\u2019interessato, per il supporto tecnico, per l\u2019assistenza post vendita, per la verifica del grado di soddisfazione cliente, per analisi di mercato e statistiche interne.<\/p>\n<p>I dati verranno quindi trattati principalmente sulla base della necessit\u00e0 di adempiere al contratto e\/o ad obblighi legali.<\/p>\n<p>Alla luce delle finalit\u00e0 del trattamento Le si segnala che il conferimento \u00e8 necessario ad instaurare e proseguire i rapporti commerciali e\/o contrattuali tra l\u2019interessato e F.lli Gilardi srl. Il mancato conferimento comporter\u00e0 l\u2019impossibilit\u00e0, nei limiti in cui tali i dati sono necessari all\u2019esecuzione dello stesso, di instaurare e\/o proseguire il rapporto.<\/p>\n<p>Il trattamento avverr\u00e0 con strumenti e supporti cartacei, informatici e telematici e i dati oggetto di trattamento saranno messi a disposizione dei soggetti specificamente incaricati e\/o espressamente designati responsabili del trattamento dal Titolare secondo i rispettivi profili di autorizzazione.<\/p>\n<p>I dati, che verranno trattati per tutta la durata del rapporto contrattuale e, successivamente, nei limiti del tempo necessario per adempiere agli obblighi di legge, saranno cancellati esauriti tali obblighi e potranno essere comunicati a societ\u00e0 controllate e collegate a F.lli Gilardi srl, a consulenti della stessa nei limiti necessari allo svolgimento del loro incarico presso la Societ\u00e0, ai produttori, ai distributori, ai fornitori del Titolare nei limiti necessari allo svolgimento delle attivit\u00e0 oggetto dei rapporti negoziali e\/o delle richieste dell\u2019interessato, alle aziende di trasporto per spedizioni di merci e pratiche doganali, agli istituti bancari per la gestione incassi e pagamenti, alle amministrazioni finanziarie ed enti pubblici in adempimento di obblighi normativi, societ\u00e0 e studi legali per la tutela dei diritti contrattuali, competenti Autorit\u00e0 giudiziarie ed investigative in caso di espressa richiesta da parte delle Autorit\u00e0 stesse.<\/p>\n<p>I dati non saranno oggetto di diffusione, allo stato, non \u00e8 prevista la loro trasmissione in paesi diversi da quelli dell\u2019Unione Europea.<\/p>\n<p><strong>Articolo 15 Regolamento UE 2016\/679 &#8211; Diritto di accesso ai dati personali ed altri diritti <\/strong><\/p>\n<p>L\u2019interessato ha diritto di ottenere la conferma dell\u2019esistenza o meno di dati personali che lo riguardano, anche se non ancora registrati, e la loro comunicazione in forma intelligibile.<\/p>\n<p>L\u2019interessato ha diritto di ottenere l\u2019indicazione: dell\u2019origine dei dati personali; delle finalit\u00e0 e modalit\u00e0 del trattamento; della logica applicata in caso di trattamento effettuato con l\u2019ausilio di strumenti elettronici; degli estremi identificativi del Titolare del trattamento e del Responsabile designato ai sensi dell\u2019Articolo 28; dei soggetti o delle categorie di soggetti ai quali i dati personali possono essere comunicati o che possono venirne a conoscenza in qualit\u00e0 di Rappresentante designato nel territorio dello Stato, di Responsabili o Incaricati.<\/p>\n<p>L\u2019interessato ha diritto di ottenere: l\u2019aggiornamento, la rettificazione, ovvero, quando vi \u00e8 interesse, l\u2019integrazione dei dati; la cancellazione, la trasformazione in forma anonima o il blocco dei dati trattati in violazione di legge, compresi quelli di cui non \u00e8 necessaria la conservazione in relazione agli scopi per i quali i dati sono stati raccolti o successivamente trattati; l\u2019attestazione che le operazioni sono state portate a conoscenza, anche per quanto riguarda il loro contenuto, di coloro ai quali i dati sono stati comunicati o diffusi, eccettuato il caso in cui tale adempimento si rileva impossibile o comporta un impiego di mezzi manifestamente sproporzionato rispetto al diritto tutelato.<\/p>\n<p>In particolare l\u2019interessato pu\u00f2 in qualsiasi momento chiedere al Titolare del trattamento l\u2019accesso ai dati personali e la rettifica o la cancellazione degli stessi o la limitazione del trattamento che lo riguardano o di opporsi al loro trattamento, oltre al diritto alla portabilit\u00e0 dei dati.<\/p>\n<p>L\u2019interessato ha il diritto di revocare il consenso in qualsiasi momento senza pregiudicare la liceit\u00e0 del trattamento basata sul consenso prestato prima della revoca e ha il diritto di proporre reclamo a un\u2019autorit\u00e0 di controllo.<\/p>\n<p>L\u2019esercizio dei diritti pu\u00f2 essere esercitato scrivendo all\u2019indirizzo di posta elettronica <a href=\"mailto:garante@gpdp.it\">garante@gpdp.it<\/a> o scrivendo ai recapiti sotto riportati<\/p>\n<p>Piazza di Monte Citorio n. 121 00186 ROMA<\/p>\n<p>Fax: (+39) 06.69677.3785<\/p>\n<p>Centralino telefonico: (+39) 06.696771<\/p>\n<p>PEC <a href=\"mailto:protocollo@pec.gpdp.it\">protocollo@pec.gpdp.it<\/a><\/p>\n<p>L\u2019interessato ha diritto di presentare reclamo all\u2019Autorit\u00e0 di Controllo qualora lo ritenga necessario.<\/p>\n<p>Sul sito internet <a href=\"http:\/\/www.gilardifratelli.it\">www.gilardifratelli.it<\/a> , alla pagina <a href=\"http:\/\/www.gilardifratelli.it\/privacy\">www.gilardifratelli.it\/privacy<\/a> \u00a0potranno essere indicate eventuali variazioni e aggiornamenti della presente informativa. La preghiamo pertanto di voler effettuare periodiche verifiche, in particolare prima di fornire ogni Suo nuovo dato personale.<\/p>\n<p><strong>Cookies<\/strong> &#8211; I cookies sono piccoli file di testo contenenti delle informazioni scambiate tra un sito internet ed il terminale dell&#8217;utente (tipicamente il browser). Sono principalmente utilizzati con lo scopo di far funzionare i siti web e farli operare in modo pi\u00f9 efficiente, nonch\u00e9 al fine di fornire informazioni ai proprietari del sito stesso. I cookies possono essere sia di sessione che persistenti. I cookies di sessione rimangono memorizzati nel terminale per un breve periodo di tempo e sono eliminati non appena l&#8217;utente chiude il browser. Il loro utilizzo \u00e8 strettamente limitato alla trasmissione di identificativi di sessione (costituiti da numeri casuali generati dal server) necessari per consentire l&#8217;esplorazione sicura ed efficiente del sito. I cookies persistenti invece rimangono archiviati nel terminale dell&#8217;utente fino ad una scadenza prestabilita. Questi, non essendo cancellati direttamente alla chiusura del browser, consentono di ricordare le scelte operate dall&#8217;utente durante la fruizione del sito, nonch\u00e9 di raccogliere informazioni circa le pagine del sito visitate, la frequenza con la quale il sito viene visitato e di identificare il tracciato di navigazione degli utenti, al fine di migliorare l&#8217;esperienza sul sito visitato. I cookies, di sessione o persistenti, possono essere infine di Prima parte o di Terza parte a seconda che il soggetto che installa i cookies sul terminale dell&#8217;utente sia lo stesso gestore del sito che l&#8217;utente sta visitando (si parler\u00e0 allora di cookies di Prima parte) oppure un soggetto diverso (si parler\u00e0 allora di cookies di Terza parte).<\/p>\n<p><strong>Cookie utilizzati dal presente sito<\/strong> &#8211; Il presente sito si avvale dell&#8217;utilizzo di cookies sia \u201ctecnici\u201d, cio\u00e8 necessari al funzionamento del sito e inerti dal punto di vista della registrazione dati\/profilazione utente, sia di cookies di \u201cprofilazione\u201d, cio\u00e8 quelli offerti dai servizi Google Analytics che permettono una raccolta di informazioni a riguardo della visita dell\u2019utente sul sito, ma senza registrare informazioni personali identificative dell\u2019utente.<br \/>\nPer avere maggiori informazioni sui cookies di Google Analytics e sul loro utilizzo da parte di Google Inc. \u00e8 possibile consultare l&#8217;informativa sull&#8217;utilizzo dei cookies da parte di Google disponibile all&#8217;indirizzo:\u00a0<a href=\"http:\/\/www.google.com\/intl\/it\/policies\/technologies\/cookies\/\">http:\/\/www.google.com\/intl\/it\/policies\/technologies\/cookies\/<\/a>\u00a0e\u00a0<a href=\"https:\/\/developers.google.com\/analytics\/devguides\/collection\/analyticsjs\/cookie-usage\">https:\/\/developers.google.com\/analytics\/devguides\/collection\/analyticsjs\/cookies-usage<\/a><br \/>\nL&#8217;informativa per la privacy policy di Google Analytics all&#8217;indirizzo: <a href=\"http:\/\/www.google.com\/intl\/en\/analytics\/privacyoverview.html\">http:\/\/www.google.com\/intl\/en\/analytics\/privacyoverview.html<\/a><\/p>\n<p>&nbsp;<\/p>\n<h3>Nelle tabelle sottostanti vengono riportati, nel dettaglio, i cookies attualmente presenti nel sito web.<\/h3>\n<div class=\"wt-cli-element cli_cookie_category_single\"><div class=\"cli_cookie_category_single\"><h5 class=\"cli_cookie_category_single_hd\">Necessary<\/h5><div class=\"cli_cookie_category_single_description\"><p>Necessary cookies are absolutely essential for the website to function properly. These cookies ensure basic functionalities and security features of the website, anonymously. <table class=\"wt-cli-element cookielawinfo-row-cat-table cookielawinfo-winter\"><thead><tr><th scope=\"col\" class=\"cookielawinfo-column-1\">Cookie<\/th><th scope=\"col\" class=\"cookielawinfo-column-3\">Duration<\/th><th scope=\"col\" class=\"cookielawinfo-column-4\">Description<\/th><\/tr><\/thead><tbody><tr class=\"cookielawinfo-row\"><td class=\"cookielawinfo-column-1\">cookielawinfo-checkbox-advertisement<\/td><td class=\"cookielawinfo-column-3\">1 year<\/td><td class=\"cookielawinfo-column-4\">Set by the GDPR Cookie Consent plugin, this cookie is used to record the user consent for the cookies in the \"Advertisement\" category .<\/td><\/tr><tr class=\"cookielawinfo-row\"><td class=\"cookielawinfo-column-1\">cookielawinfo-checkbox-analytics<\/td><td class=\"cookielawinfo-column-3\">11 months<\/td><td class=\"cookielawinfo-column-4\">This cookie is set by GDPR Cookie Consent plugin. The cookie is used to store the user consent for the cookies in the category \"Analytics\".<\/td><\/tr><tr class=\"cookielawinfo-row\"><td class=\"cookielawinfo-column-1\">cookielawinfo-checkbox-functional<\/td><td class=\"cookielawinfo-column-3\">11 months<\/td><td class=\"cookielawinfo-column-4\">The cookie is set by GDPR cookie consent to record the user consent for the cookies in the category \"Functional\".<\/td><\/tr><tr class=\"cookielawinfo-row\"><td class=\"cookielawinfo-column-1\">cookielawinfo-checkbox-necessary<\/td><td class=\"cookielawinfo-column-3\">11 months<\/td><td class=\"cookielawinfo-column-4\">This cookie is set by GDPR Cookie Consent plugin. The cookies is used to store the user consent for the cookies in the category \"Necessary\".<\/td><\/tr><tr class=\"cookielawinfo-row\"><td class=\"cookielawinfo-column-1\">cookielawinfo-checkbox-others<\/td><td class=\"cookielawinfo-column-3\">11 months<\/td><td class=\"cookielawinfo-column-4\">This cookie is set by GDPR Cookie Consent plugin. The cookie is used to store the user consent for the cookies in the category \"Other\".<\/td><\/tr><tr class=\"cookielawinfo-row\"><td class=\"cookielawinfo-column-1\">cookielawinfo-checkbox-performance<\/td><td class=\"cookielawinfo-column-3\">11 months<\/td><td class=\"cookielawinfo-column-4\">This cookie is set by GDPR Cookie Consent plugin. The cookie is used to store the user consent for the cookies in the category \"Performance\".<\/td><\/tr><tr class=\"cookielawinfo-row\"><td class=\"cookielawinfo-column-1\">CookieLawInfoConsent<\/td><td class=\"cookielawinfo-column-3\">1 year<\/td><td class=\"cookielawinfo-column-4\">Records the default button state of the corresponding category & the status of CCPA. It works only in coordination with the primary cookie.<\/td><\/tr><tr class=\"cookielawinfo-row\"><td class=\"cookielawinfo-column-1\">viewed_cookie_policy<\/td><td class=\"cookielawinfo-column-3\">11 months<\/td><td class=\"cookielawinfo-column-4\">The cookie is set by the GDPR Cookie Consent plugin and is used to store whether or not user has consented to the use of cookies. It does not store any personal data.<\/td><\/tr><\/tbody><\/table><\/p><\/div><\/div><div class=\"cli_cookie_category_single\"><h5 class=\"cli_cookie_category_single_hd\">Functional<\/h5><div class=\"cli_cookie_category_single_description\"><p>Functional cookies help to perform certain functionalities like sharing the content of the website on social media platforms, collect feedbacks, and other third-party features. <\/p><\/div><\/div><div class=\"cli_cookie_category_single\"><h5 class=\"cli_cookie_category_single_hd\">Performance<\/h5><div class=\"cli_cookie_category_single_description\"><p>Performance cookies are used to understand and analyze the key performance indexes of the website which helps in delivering a better user experience for the visitors. <\/p><\/div><\/div><div class=\"cli_cookie_category_single\"><h5 class=\"cli_cookie_category_single_hd\">Analytics<\/h5><div class=\"cli_cookie_category_single_description\"><p>Analytical cookies are used to understand how visitors interact with the website. These cookies help provide information on metrics the number of visitors, bounce rate, traffic source, etc. <table class=\"wt-cli-element cookielawinfo-row-cat-table cookielawinfo-winter\"><thead><tr><th scope=\"col\" class=\"cookielawinfo-column-1\">Cookie<\/th><th scope=\"col\" class=\"cookielawinfo-column-3\">Duration<\/th><th scope=\"col\" class=\"cookielawinfo-column-4\">Description<\/th><\/tr><\/thead><tbody><tr class=\"cookielawinfo-row\"><td class=\"cookielawinfo-column-1\">_ga<\/td><td class=\"cookielawinfo-column-3\">2 years<\/td><td class=\"cookielawinfo-column-4\">The _ga cookie, installed by Google Analytics, calculates visitor, session and campaign data and also keeps track of site usage for the site's analytics report. The cookie stores information anonymously and assigns a randomly generated number to recognize unique visitors.<\/td><\/tr><tr class=\"cookielawinfo-row\"><td class=\"cookielawinfo-column-1\">_gat_gtag_UA_11464298_17<\/td><td class=\"cookielawinfo-column-3\">1 minute<\/td><td class=\"cookielawinfo-column-4\">Set by Google to distinguish users.<\/td><\/tr><tr class=\"cookielawinfo-row\"><td class=\"cookielawinfo-column-1\">_gid<\/td><td class=\"cookielawinfo-column-3\">1 day<\/td><td class=\"cookielawinfo-column-4\">Installed by Google Analytics, _gid cookie stores information on how visitors use a website, while also creating an analytics report of the website's performance. Some of the data that are collected include the number of visitors, their source, and the pages they visit anonymously.<\/td><\/tr><\/tbody><\/table><\/p><\/div><\/div><div class=\"cli_cookie_category_single\"><h5 class=\"cli_cookie_category_single_hd\">Advertisement<\/h5><div class=\"cli_cookie_category_single_description\"><p>\r\nAdvertisement cookies are used to provide visitors with relevant ads and marketing campaigns. These cookies track visitors across websites and collect information to provide customized ads. \r\n<\/p><\/div><\/div><div class=\"cli_cookie_category_single\"><h5 class=\"cli_cookie_category_single_hd\">Other<\/h5><div class=\"cli_cookie_category_single_description\"><p>Other uncategorized cookies are those that are analyzed and have not yet been classified in a category. <\/p><\/div><\/div><\/div>\n<p>Normalmente i browser permettono il controllo della maggior parte dei cookie tramite le impostazioni del browser stesso. Si ricorda tuttavia che la disabilitazione totale o parziale dei cookies c.d. tecnici pu\u00f2 compromettere l&#8217;utilizzo delle funzionalit\u00e0 del sito. Ad ogni modo qualora l&#8217;utente non desideri ricevere alcun tipo di cookies sul proprio elaboratore, n\u00e9 da questo sito, n\u00e9 da altri, pu\u00f2 elevare il livello di protezione privacy modificando le impostazioni di sicurezza del proprio browser:<br \/>\nChrome:\u00a0<a href=\"https:\/\/support.google.com\/chrome\/answer\/95647?hl=it\">https:\/\/support.google.com\/chrome\/answer\/95647?hl=it<\/a><br \/>\nFirefox:\u00a0<a href=\"https:\/\/support.mozilla.org\/it\/kb\/Gestione%20dei%20cookie\">https:\/\/support.mozilla.org\/it\/kb\/Gestione%20dei%20cookie<\/a><br \/>\nEdge:\u00a0<a href=\"https:\/\/privacy.microsoft.com\/it-IT\/windows-10-microsoft-edge-and-privacy\">https:\/\/privacy.microsoft.com\/it-IT\/windows-10-microsoft-edge-and-privacy<\/a><br \/>\nOpera:\u00a0<a href=\"http:\/\/help.opera.com\/Windows\/10.00\/it\/cookies.html\">http:\/\/help.opera.com\/Windows\/10.00\/it\/cookies.html<\/a><br \/>\nSafari:\u00a0<a href=\"http:\/\/support.apple.com\/kb\/HT1677?viewlocale=it_IT\">http:\/\/support.apple.com\/kb\/HT1677?viewlocale=it_IT<\/a><\/p>\n<h4><\/h4>\n<h3>Link ad altri siti web<\/h3>\n<p>Questo sito potrebbe contenere link o riferimenti per l\u2019accesso ad altri siti, quali ad esempio il social network Facebook. Cliccando sugli appositi link potrai ad esempio condividere i nostri contenuti. Ti informiamo il Titolare del trattamento non controlla i cookie o le altre tecnologie di monitoraggio di tali siti web ai quali la presente Policy non si applica.<\/p>\n<h4><\/h4>\n<h3>Modalit\u00e0 del trattamento<\/h3>\n<p>I dati personali sono trattati, anche mediante l\u2019ausilio di strumenti automatizzati. Specifiche misure di sicurezza sono osservate per prevenire la perdita dei dati, usi illeciti o non corretti ed accessi non autorizzati. Il Titolare ha adottato tutte le misure minime di sicurezza previste dalla legge ed ispirandosi ai principali standard internazionali, ha inoltre adottato misure di sicurezza ulteriori per ridurre al minimo i rischi afferenti la riservatezza, la disponibilit\u00e0 e l\u2019integrit\u00e0 dei dati personali raccolti e trattati.<\/p>\n<h4><\/h4>\n<h3>Diritti degli interessati<\/h3>\n<p>La normativa a protezione dei dati personali prevede espressamente alcuni diritti in capo ai soggetti cui dati si riferiscono (c.d. interessato). In particolare, In relazione al trattamento dei predetti dati, in base agli articoli 15 e ss. del Regolamento, Le ricordiamo il diritto di ottenere l&#8217;accesso ai dati personali che la riguardano; la rettifica dei dati (correzione di dati inesatti od integrazione), la cancellazione dei dati trattati in violazione di legge o qualora sussista uno dei motivi specificati dall&#8217;articolo 17 del GDPR, nonch\u00e9 il diritto alla portabilit\u00e0 dei dati stessi. Lei ha, altres\u00ec, il diritto di proporre reclamo a un&#8217;autorit\u00e0 di controllo qualora ritenesse che i diritti qui indicati non le siano stati riconosciuti.<\/p>\n<h4><\/h4>\n<h3>Modifiche alle presenti politiche sulla privacy<\/h3>\n<p>Il Titolare verifica periodicamente la propria politica relativa alla privacy e alla sicurezza e, se del caso, la rivede in relazione alle modifiche normative, organizzative o dettate dall&#8217;evoluzione tecnologica. In caso di modifica delle politiche, la nuova versione sar\u00e0 pubblicata in questa pagina del sito.<\/p>\n<p>Data ultimo aggiornamento 20\/20\/2023<\/p>\n","protected":false},"excerpt":{"rendered":"<p>For the english version please contact us. &nbsp; Informativa sul trattamento dei dati personali di clienti e fornitori Gentile Cliente, Gentile Fornitore, in ottemperanza a quanto previsto dall\u2019art. 13 del Regolamento UE 679\/2016, F.lli Gilardi srl rende disponibile l\u2019informativa riguardante il trattamento dei Suoi dati personali e di quelli relativi agli interessati appartenenti alla Sua [&hellip;]<\/p>\n","protected":false},"author":13,"featured_media":0,"parent":0,"menu_order":0,"comment_status":"closed","ping_status":"closed","template":"","meta":{"_acf_changed":false,"footnotes":""},"class_list":["post-4361","page","type-page","status-publish","hentry"],"acf":[],"_links":{"self":[{"href":"https:\/\/gilardi.srl\/en\/wp-json\/wp\/v2\/pages\/4361","targetHints":{"allow":["GET"]}}],"collection":[{"href":"https:\/\/gilardi.srl\/en\/wp-json\/wp\/v2\/pages"}],"about":[{"href":"https:\/\/gilardi.srl\/en\/wp-json\/wp\/v2\/types\/page"}],"author":[{"embeddable":true,"href":"https:\/\/gilardi.srl\/en\/wp-json\/wp\/v2\/users\/13"}],"replies":[{"embeddable":true,"href":"https:\/\/gilardi.srl\/en\/wp-json\/wp\/v2\/comments?post=4361"}],"version-history":[{"count":3,"href":"https:\/\/gilardi.srl\/en\/wp-json\/wp\/v2\/pages\/4361\/revisions"}],"predecessor-version":[{"id":23081,"href":"https:\/\/gilardi.srl\/en\/wp-json\/wp\/v2\/pages\/4361\/revisions\/23081"}],"wp:attachment":[{"href":"https:\/\/gilardi.srl\/en\/wp-json\/wp\/v2\/media?parent=4361"}],"curies":[{"name":"wp","href":"https:\/\/api.w.org\/{rel}","templated":true}]}}